{"id":19936,"date":"2024-03-01T18:32:43","date_gmt":"2024-03-01T15:32:43","guid":{"rendered":"https:\/\/7llnt.com\/sela\/?page_id=19936"},"modified":"2024-03-20T13:29:33","modified_gmt":"2024-03-20T10:29:33","slug":"%d8%a7%d9%84%d8%a3%d8%ae%d8%a8%d8%a7%d8%b1","status":"publish","type":"page","link":"https:\/\/starlink.com.sa\/en\/%d8%a7%d9%84%d8%a3%d8%ae%d8%a8%d8%a7%d8%b1\/","title":{"rendered":"News"},"content":{"rendered":"<div data-elementor-type=\"wp-page\" data-elementor-id=\"19936\" class=\"elementor elementor-19936\" data-elementor-post-type=\"page\">\n\t\t\t\t\t\t<section class=\"elementor-section elementor-top-section elementor-element elementor-element-60408177 elementor-section-height-min-height elementor-section-stretched elementor-section-boxed elementor-section-height-default elementor-section-items-middle\" data-id=\"60408177\" data-element_type=\"section\" data-settings=\"{&quot;background_background&quot;:&quot;classic&quot;,&quot;stretch_section&quot;:&quot;section-stretched&quot;}\">\n\t\t\t\t\t\t\t<div class=\"elementor-background-overlay\"><\/div>\n\t\t\t\t\t\t\t<div class=\"elementor-container elementor-column-gap-default\">\n\t\t\t\t\t<div class=\"elementor-column elementor-col-100 elementor-top-column elementor-element elementor-element-2c596b71\" data-id=\"2c596b71\" data-element_type=\"column\">\n\t\t\t<div class=\"elementor-widget-wrap elementor-element-populated\">\n\t\t\t\t\t\t<div class=\"elementor-element elementor-element-13e13fd4 elementor-invisible elementor-widget elementor-widget-heading\" data-id=\"13e13fd4\" data-element_type=\"widget\" data-settings=\"{&quot;_animation&quot;:&quot;fadeIn&quot;}\" data-widget_type=\"heading.default\">\n\t\t\t\t<div class=\"elementor-widget-container\">\n\t\t\t<style>\/*! elementor - v3.21.0 - 25-04-2024 *\/\n.elementor-heading-title{padding:0;margin:0;line-height:1}.elementor-widget-heading .elementor-heading-title[class*=elementor-size-]>a{color:inherit;font-size:inherit;line-height:inherit}.elementor-widget-heading .elementor-heading-title.elementor-size-small{font-size:15px}.elementor-widget-heading .elementor-heading-title.elementor-size-medium{font-size:19px}.elementor-widget-heading .elementor-heading-title.elementor-size-large{font-size:29px}.elementor-widget-heading .elementor-heading-title.elementor-size-xl{font-size:39px}.elementor-widget-heading .elementor-heading-title.elementor-size-xxl{font-size:59px}<\/style><h1 class=\"elementor-heading-title elementor-size-default\">News and events<\/h1>\t\t<\/div>\n\t\t\t\t<\/div>\n\t\t\t\t\t<\/div>\n\t\t<\/div>\n\t\t\t\t\t<\/div>\n\t\t<\/section>\n\t\t<div class=\"elementor-element elementor-element-27efd35 e-flex e-con-boxed e-con e-parent\" data-id=\"27efd35\" data-element_type=\"container\">\n\t\t\t\t\t<div class=\"e-con-inner\">\n\t\t\t\t<div class=\"elementor-element elementor-element-3d104b4 elementor-widget elementor-widget-houzez_elementor_blog_posts\" data-id=\"3d104b4\" data-element_type=\"widget\" data-widget_type=\"houzez_elementor_blog_posts.default\">\n\t\t\t\t<div class=\"elementor-widget-container\">\n\t\t\t\n        <div class=\"blog-posts-module blog-posts-module-v1\">\n            <div class=\"row module-row\">\n                                    <div class=\"col-lg-4 col-md-6\">\n                        <div id=\"post-28639\" class=\"blog-post-item blog-post-item-v1 post-28639 post type-post status-publish format-standard hentry category-1\">\n\t\n\t\n\t<div class=\"blog-post-content-wrap\">\n\t\t<div class=\"blog-post-meta\">\n\t\t\t<ul class=\"list-inline\">\n\t\t\t\t\n\t\t\t\t\n\t\t\t<\/ul>\n\t\t<\/div><!-- blog-post-meta -->\n\t\t<div class=\"blog-post-title\">\n\t\t\t<h3><a href=\"https:\/\/starlink.com.sa\/en\/candy-casino-2026-tausta-kaeyttoeliittymae-ja-pelaajaystaevyys\/\">candy casino 2026: Tausta, k\u00e4ytt\u00f6liittym\u00e4 ja pelaajayst\u00e4vyys<\/a><\/h3>\n\t\t<\/div><!-- blog-post-title -->\n\t\t<div class=\"blog-post-body\">\n\t\t\tCandy Slots Guide \u2013 konsepti lyhyesti Yhdeks\u00e4s kappale syventyy pelikirjaston monipuolisuuteen...\t\t<\/div><!-- blog-post-body -->\n\t\t<div class=\"blog-post-link\">\n\t\t\t<a href=\"https:\/\/starlink.com.sa\/en\/candy-casino-2026-tausta-kaeyttoeliittymae-ja-pelaajaystaevyys\/\"><\/a>\n\t\t<\/div><!-- blog-post-link -->\n\t<\/div><!-- blog-post-content-wrap -->\n\t<\/div><!-- blog-post-item -->                    <\/div>\n                                    <div class=\"col-lg-4 col-md-6\">\n                        <div id=\"post-26833\" class=\"blog-post-item blog-post-item-v1 post-26833 post type-post status-publish format-standard hentry category-1\">\n\t\n\t\n\t<div class=\"blog-post-content-wrap\">\n\t\t<div class=\"blog-post-meta\">\n\t\t\t<ul class=\"list-inline\">\n\t\t\t\t\n\t\t\t\t\n\t\t\t<\/ul>\n\t\t<\/div><!-- blog-post-meta -->\n\t\t<div class=\"blog-post-title\">\n\t\t\t<h3><a href=\"https:\/\/starlink.com.sa\/en\/berriez-casino-2026-pelaajien-opas-ja-kokemukset\/\">Berriez Casino 2026 \u2013 pelaajien opas ja kokemukset<\/a><\/h3>\n\t\t<\/div><!-- blog-post-title -->\n\t\t<div class=\"blog-post-body\">\n\t\t\tTurvallisuus ja vastuullisuus alussa Lopullinen n\u00e4kemys korostaa, berriez kasino bonus...\t\t<\/div><!-- blog-post-body -->\n\t\t<div class=\"blog-post-link\">\n\t\t\t<a href=\"https:\/\/starlink.com.sa\/en\/berriez-casino-2026-pelaajien-opas-ja-kokemukset\/\"><\/a>\n\t\t<\/div><!-- blog-post-link -->\n\t<\/div><!-- blog-post-content-wrap -->\n\t<\/div><!-- blog-post-item -->                    <\/div>\n                                    <div class=\"col-lg-4 col-md-6\">\n                        <div id=\"post-28063\" class=\"blog-post-item blog-post-item-v1 post-28063 post type-post status-publish format-standard hentry category-1\">\n\t\n\t\n\t<div class=\"blog-post-content-wrap\">\n\t\t<div class=\"blog-post-meta\">\n\t\t\t<ul class=\"list-inline\">\n\t\t\t\t\n\t\t\t\t\n\t\t\t<\/ul>\n\t\t<\/div><!-- blog-post-meta -->\n\t\t<div class=\"blog-post-title\">\n\t\t\t<h3><a href=\"https:\/\/starlink.com.sa\/en\/ruhtinas-casino-2026-kattava-arvostelu-ja-kaeyttaejaekokemukset\/\">ruhtinas casino 2026 \u2013 kattava arvostelu ja k\u00e4ytt\u00e4j\u00e4kokemukset<\/a><\/h3>\n\t\t<\/div><!-- blog-post-title -->\n\t\t<div class=\"blog-post-body\">\n\t\t\tK\u00e4ytt\u00e4j\u00e4polun aloittaminen ja br\u00e4ndin yleinen kuvaus Viidenness\u00e4 kappaleessa avataan...\t\t<\/div><!-- blog-post-body -->\n\t\t<div class=\"blog-post-link\">\n\t\t\t<a href=\"https:\/\/starlink.com.sa\/en\/ruhtinas-casino-2026-kattava-arvostelu-ja-kaeyttaejaekokemukset\/\"><\/a>\n\t\t<\/div><!-- blog-post-link -->\n\t<\/div><!-- blog-post-content-wrap -->\n\t<\/div><!-- blog-post-item -->                    <\/div>\n                                    <div class=\"col-lg-4 col-md-6\">\n                        <div id=\"post-27417\" class=\"blog-post-item blog-post-item-v1 post-27417 post type-post status-publish format-standard hentry category-1\">\n\t\n\t\n\t<div class=\"blog-post-content-wrap\">\n\t\t<div class=\"blog-post-meta\">\n\t\t\t<ul class=\"list-inline\">\n\t\t\t\t\n\t\t\t\t\n\t\t\t<\/ul>\n\t\t<\/div><!-- blog-post-meta -->\n\t\t<div class=\"blog-post-title\">\n\t\t\t<h3><a href=\"https:\/\/starlink.com.sa\/en\/live-ruletti-ja-blackjack-poeydaet-kissarobotti-casinolla-suomen-maaperaellae\/\">Live-ruletti- ja blackjack-p\u00f6yd\u00e4t Kissarobotti Casinolla Suomen maaper\u00e4ll\u00e4<\/a><\/h3>\n\t\t<\/div><!-- blog-post-title -->\n\t\t<div class=\"blog-post-body\">\n\t\t\tKissarobotti Casino tarjoaa kiehtovan live-peliymp\u00e4rist\u00f6n suomalaisille pelaajille,...\t\t<\/div><!-- blog-post-body -->\n\t\t<div class=\"blog-post-link\">\n\t\t\t<a href=\"https:\/\/starlink.com.sa\/en\/live-ruletti-ja-blackjack-poeydaet-kissarobotti-casinolla-suomen-maaperaellae\/\"><\/a>\n\t\t<\/div><!-- blog-post-link -->\n\t<\/div><!-- blog-post-content-wrap -->\n\t<\/div><!-- blog-post-item -->                    <\/div>\n                                    <div class=\"col-lg-4 col-md-6\">\n                        <div id=\"post-28577\" class=\"blog-post-item blog-post-item-v1 post-28577 post type-post status-publish format-standard hentry category-1\">\n\t\n\t\n\t<div class=\"blog-post-content-wrap\">\n\t\t<div class=\"blog-post-meta\">\n\t\t\t<ul class=\"list-inline\">\n\t\t\t\t\n\t\t\t\t\n\t\t\t<\/ul>\n\t\t<\/div><!-- blog-post-meta -->\n\t\t<div class=\"blog-post-title\">\n\t\t\t<h3><a href=\"https:\/\/starlink.com.sa\/en\/spinwinera-casino-promotions-ohne-einzahlung-fuer-belgien\/\">Spinwinera Casino \u2013 Promotions ohne Einzahlung f\u00fcr Belgien<\/a><\/h3>\n\t\t<\/div><!-- blog-post-title -->\n\t\t<div class=\"blog-post-body\">\n\t\t\tWenn es darum geht, Online-Spiele ohne monet\u00e4res Risiko zu genie\u00dfen, stechen die Promotions...\t\t<\/div><!-- blog-post-body -->\n\t\t<div class=\"blog-post-link\">\n\t\t\t<a href=\"https:\/\/starlink.com.sa\/en\/spinwinera-casino-promotions-ohne-einzahlung-fuer-belgien\/\"><\/a>\n\t\t<\/div><!-- blog-post-link -->\n\t<\/div><!-- blog-post-content-wrap -->\n\t<\/div><!-- blog-post-item -->                    <\/div>\n                                    <div class=\"col-lg-4 col-md-6\">\n                        <div id=\"post-28236\" class=\"blog-post-item blog-post-item-v1 post-28236 post type-post status-publish format-standard hentry category-1\">\n\t\n\t\n\t<div class=\"blog-post-content-wrap\">\n\t\t<div class=\"blog-post-meta\">\n\t\t\t<ul class=\"list-inline\">\n\t\t\t\t\n\t\t\t\t\n\t\t\t<\/ul>\n\t\t<\/div><!-- blog-post-meta -->\n\t\t<div class=\"blog-post-title\">\n\t\t\t<h3><a href=\"https:\/\/starlink.com.sa\/en\/lucky-dreams-casino-3\/\">Sports and Live Betting Features at Lucky Dreams Casino for Australia<\/a><\/h3>\n\t\t<\/div><!-- blog-post-title -->\n\t\t<div class=\"blog-post-body\">\n\t\t\tLucky Dreams Casino offers Australian bettors a thorough sports betting experience, featuring a...\t\t<\/div><!-- blog-post-body -->\n\t\t<div class=\"blog-post-link\">\n\t\t\t<a href=\"https:\/\/starlink.com.sa\/en\/lucky-dreams-casino-3\/\"><\/a>\n\t\t<\/div><!-- blog-post-link -->\n\t<\/div><!-- blog-post-content-wrap -->\n\t<\/div><!-- blog-post-item -->                    <\/div>\n                                    <div class=\"col-lg-4 col-md-6\">\n                        <div id=\"post-27754\" class=\"blog-post-item blog-post-item-v1 post-27754 post type-post status-publish format-standard hentry category-1\">\n\t\n\t\n\t<div class=\"blog-post-content-wrap\">\n\t\t<div class=\"blog-post-meta\">\n\t\t\t<ul class=\"list-inline\">\n\t\t\t\t\n\t\t\t\t\n\t\t\t<\/ul>\n\t\t<\/div><!-- blog-post-meta -->\n\t\t<div class=\"blog-post-title\">\n\t\t\t<h3><a href=\"https:\/\/starlink.com.sa\/en\/instant-casino-12\/\">Assistenza semplificata, velocit\u00e0 del casin\u00f2 immediate, accesso all&#8217;assistenza in Italia<\/a><\/h3>\n\t\t<\/div><!-- blog-post-title -->\n\t\t<div class=\"blog-post-body\">\n\t\t\tIl mercato dei casin\u00f2 online in Italia ha registrato una crescita significativa, sottolineando...\t\t<\/div><!-- blog-post-body -->\n\t\t<div class=\"blog-post-link\">\n\t\t\t<a href=\"https:\/\/starlink.com.sa\/en\/instant-casino-12\/\"><\/a>\n\t\t<\/div><!-- blog-post-link -->\n\t<\/div><!-- blog-post-content-wrap -->\n\t<\/div><!-- blog-post-item -->                    <\/div>\n                                    <div class=\"col-lg-4 col-md-6\">\n                        <div id=\"post-27223\" class=\"blog-post-item blog-post-item-v1 post-27223 post type-post status-publish format-standard hentry category-1\">\n\t\n\t\n\t<div class=\"blog-post-content-wrap\">\n\t\t<div class=\"blog-post-meta\">\n\t\t\t<ul class=\"list-inline\">\n\t\t\t\t\n\t\t\t\t\n\t\t\t<\/ul>\n\t\t<\/div><!-- blog-post-meta -->\n\t\t<div class=\"blog-post-title\">\n\t\t\t<h3><a href=\"https:\/\/starlink.com.sa\/en\/robocat-4\/\">Robocat Casino erm\u00f6glicht es Ihnen, die besten Online-Spiele mit hoher Auszahlungsquote in \u00d6sterreich zu entdecken.<\/a><\/h3>\n\t\t<\/div><!-- blog-post-title -->\n\t\t<div class=\"blog-post-body\">\n\t\t\tRobocat Casino stellt \u00f6sterreichischen Spielern eine spannende Plattform zur Verf\u00fcgung, um...\t\t<\/div><!-- blog-post-body -->\n\t\t<div class=\"blog-post-link\">\n\t\t\t<a href=\"https:\/\/starlink.com.sa\/en\/robocat-4\/\"><\/a>\n\t\t<\/div><!-- blog-post-link -->\n\t<\/div><!-- blog-post-content-wrap -->\n\t<\/div><!-- blog-post-item -->                    <\/div>\n                                    <div class=\"col-lg-4 col-md-6\">\n                        <div id=\"post-28039\" class=\"blog-post-item blog-post-item-v1 post-28039 post type-post status-publish format-standard hentry category-1\">\n\t\n\t\n\t<div class=\"blog-post-content-wrap\">\n\t\t<div class=\"blog-post-meta\">\n\t\t\t<ul class=\"list-inline\">\n\t\t\t\t\n\t\t\t\t\n\t\t\t<\/ul>\n\t\t<\/div><!-- blog-post-meta -->\n\t\t<div class=\"blog-post-title\">\n\t\t\t<h3><a href=\"https:\/\/starlink.com.sa\/en\/rich-royal-casino-15\/\">Waarom de laadmeters van Rich Royal Casino de zorgen van Nederlandse cli\u00ebnten en gokkers verminderen<\/a><\/h3>\n\t\t<\/div><!-- blog-post-title -->\n\t\t<div class=\"blog-post-body\">\n\t\t\tWanneer we tijdens het gamen onderbrekingen ervaren, kan ons geduld snel opraken, wat kan...\t\t<\/div><!-- blog-post-body -->\n\t\t<div class=\"blog-post-link\">\n\t\t\t<a href=\"https:\/\/starlink.com.sa\/en\/rich-royal-casino-15\/\"><\/a>\n\t\t<\/div><!-- blog-post-link -->\n\t<\/div><!-- blog-post-content-wrap -->\n\t<\/div><!-- blog-post-item -->                    <\/div>\n                            <\/div>\n        <\/div>\n\n        \t\t<\/div>\n\t\t\t\t<\/div>\n\t\t\t\t\t<\/div>\n\t\t\t\t<\/div>\n\t\t\t\t<\/div>","protected":false},"excerpt":{"rendered":"<p>\u0623\u062e\u0628\u0627\u0631 \u0648\u0641\u0639\u0627\u0644\u064a\u0627\u062a \u0627\u0644\u0645\u0647\u0627\u0631\u0627\u062a \u0627\u0644\u062a\u064a \u064a\u0645\u0643\u0646\u0643 \u062a\u0639\u0644\u0645\u0647\u0627 \u0641\u064a \u0633\u0648\u0642 \u0627\u0644\u0639\u0642\u0627\u0631\u0627\u062a \u0628\u0634\u0631\u064a\u0629 \u062c\u062f\u064a\u062f\u0627\u064b \u0627\u0644\u062b\u0627\u0644\u062b \u0628\u0647\u0627 \u0645\u0646, \u062a\u0644\u0643 \u0627\u0644\u062a\u064a \u0627 \u0627\u0644\u0633\u064a\u0637\u0631\u0629 \u0623\u0646. \u0623\u0648\u0633\u0639&#8230; \u062a\u0639\u0644\u0645 \u0627\u0644\u062d\u0642\u064a\u0642\u0629 \u062d\u0648\u0644 \u0635\u0646\u0627\u0639\u0629 \u0627\u0644\u0639\u0642\u0627\u0631\u0627\u062a \u0628\u0634\u0631\u064a\u0629 \u062c\u062f\u064a\u062f\u0627\u064b \u0627\u0644\u062b\u0627\u0644\u062b \u0628\u0647\u0627 \u0645\u0646, \u062a\u0644\u0643 \u0627\u0644\u062a\u064a \u0627 \u0627\u0644\u0633\u064a\u0637\u0631\u0629 \u0623\u0646. \u0623\u0648\u0633\u0639&#8230; 10 \u0646\u0635\u0627\u0626\u062d \u0633\u0631\u064a\u0639\u0629 \u062d\u0648\u0644 \u062a\u0637\u0648\u064a\u0631 \u0627\u0644\u0623\u0639\u0645\u0627\u0644 \u0628\u0634\u0631\u064a\u0629 \u062c\u062f\u064a\u062f\u0627\u064b \u0627\u0644\u062b\u0627\u0644\u062b \u0628\u0647\u0627 \u0645\u0646, \u062a\u0644\u0643 \u0627\u0644\u062a\u064a \u0627 \u0627\u0644\u0633\u064a\u0637\u0631\u0629 \u0623\u0646. \u0623\u0648\u0633\u0639&#8230; 14 \u0645\u0641\u0627\u0647\u064a\u0645 [&hellip;]<\/p>","protected":false},"author":1,"featured_media":0,"parent":0,"menu_order":0,"comment_status":"closed","ping_status":"closed","template":"elementor_header_footer","meta":{"_monsterinsights_skip_tracking":false,"_monsterinsights_sitenote_active":false,"_monsterinsights_sitenote_note":"","_monsterinsights_sitenote_category":0,"footnotes":""},"class_list":["post-19936","page","type-page","status-publish","hentry"],"acf":[],"aioseo_notices":[],"_links":{"self":[{"href":"https:\/\/starlink.com.sa\/en\/wp-json\/wp\/v2\/pages\/19936","targetHints":{"allow":["GET"]}}],"collection":[{"href":"https:\/\/starlink.com.sa\/en\/wp-json\/wp\/v2\/pages"}],"about":[{"href":"https:\/\/starlink.com.sa\/en\/wp-json\/wp\/v2\/types\/page"}],"author":[{"embeddable":true,"href":"https:\/\/starlink.com.sa\/en\/wp-json\/wp\/v2\/users\/1"}],"replies":[{"embeddable":true,"href":"https:\/\/starlink.com.sa\/en\/wp-json\/wp\/v2\/comments?post=19936"}],"version-history":[{"count":10,"href":"https:\/\/starlink.com.sa\/en\/wp-json\/wp\/v2\/pages\/19936\/revisions"}],"predecessor-version":[{"id":20365,"href":"https:\/\/starlink.com.sa\/en\/wp-json\/wp\/v2\/pages\/19936\/revisions\/20365"}],"wp:attachment":[{"href":"https:\/\/starlink.com.sa\/en\/wp-json\/wp\/v2\/media?parent=19936"}],"curies":[{"name":"wp","href":"https:\/\/api.w.org\/{rel}","templated":true}]}}